{"id":52398,"date":"2024-07-30T15:10:57","date_gmt":"2024-07-30T13:10:57","guid":{"rendered":"https:\/\/okawa.ch\/?post_type=product&#038;p=52398"},"modified":"2024-07-30T15:16:07","modified_gmt":"2024-07-30T13:16:07","slug":"okawa-duffel-bag-s","status":"publish","type":"product","link":"https:\/\/okawa.ch\/en\/product\/okawa-duffel-bag-s\/","title":{"rendered":"Okawa Duffel Bag S"},"content":{"rendered":"<p class=\"PDPIntroControlsDropdown_description__vEjdx\">Diese ger\u00e4umige und robuste Sport- und Reisetasche ist dein perfekter Begleiter f\u00fcr ins regelm\u00e4ssige Training, zu Seminaren oder Trainingscamps. Die Tasche kann als Rucksack getragen werden und hat gen\u00fcgend Stauraum f\u00fcr Dogi, Obi und Sch\u00fctzer.<\/p>\n<ul class=\"Features_featuresWrapper__bzwff Features_onTwoColumns__kqqe0\">\n<li>grosser Okawa-Logo-Badge auf beiden Seiten<\/li>\n<li class=\"Features_item__M3A_K Features_hide__MozeS Features_show___gQ_p\">3 Organisationsf\u00e4cher im Hauptfach<\/li>\n<li class=\"Features_item__M3A_K Features_hide__MozeS Features_show___gQ_p\">Daisy-Chain-Halterung<\/li>\n<li class=\"Features_item__M3A_K Features_hide__MozeS Features_show___gQ_p\">Grosse Haupttasche<\/li>\n<li class=\"Features_item__M3A_K Features_hide__MozeS Features_show___gQ_p\">Sehr abriebfester Boden aus umweltfreundlichem Nylon EPO\u00ae<\/li>\n<li class=\"Features_item__M3A_K Features_hide__MozeS Features_show___gQ_p\">Die anatomisch geformten, breiten und abnehmbaren Rucksacktr\u00e4ger verteilen die Last schonend auf den Schultern<\/li>\n<li class=\"Features_item__M3A_K Features_hide__MozeS Features_show___gQ_p\">40-l-Version: mit fix angen\u00e4hten Schultertr\u00e4gern und ohne Kompressionsgurte<\/li>\n<li class=\"Features_item__M3A_K Features_hide__MozeS\">Aussenfach<\/li>\n<li class=\"Features_item__M3A_K Features_hide__MozeS\">Zum Handgriff zusammenfassbare Schultergurte<\/li>\n<li class=\"Features_item__M3A_K Features_hide__MozeS\">2 Innentaschen auf der Deckelunterseite<\/li>\n<li class=\"Features_item__M3A_K Features_hide__MozeS\">2 Kompressionsriemen<\/li>\n<li class=\"Features_item__M3A_K Features_hide__MozeS\">Breite Handgriffe auf beiden Seiten<\/li>\n<\/ul>\n<p>Der Okawa Duffel Bag ist auch in der <a href=\"https:\/\/okawa.ch\/en\/product\/okawa-duffel-bag-l\/\">Gr\u00f6sse L (60L)<\/a> erh\u00e4ltlich, solltest du mehr Stauraum ben\u00f6tigen.<\/p>","protected":false},"excerpt":{"rendered":"<p>Diese ger\u00e4umige und robuste Sport- und Reisetasche ist dein perfekter Begleiter f\u00fcr ins regelm\u00e4ssige Training, zu Seminaren oder Trainingscamps. Die Tasche kann als Rucksack getragen werden und hat gen\u00fcgend Stauraum &#8230; <a title=\"Okawa Duffel Bag S\" class=\"read-more\" href=\"https:\/\/okawa.ch\/en\/product\/okawa-duffel-bag-s\/\" aria-label=\"Read more about Okawa Duffel Bag S\">Read more<\/a><\/p>","protected":false},"featured_media":52399,"template":"","meta":{"_price":"135","_stock":"","_tribe_ticket_header":"","_tribe_default_ticket_provider":"","_ticket_start_date":"","_ticket_end_date":"","_tribe_ticket_show_description":"","_tribe_ticket_show_not_going":false,"_tribe_ticket_use_global_stock":"","_tribe_ticket_global_stock_level":"","_global_stock_mode":"","_global_stock_cap":"","_tribe_rsvp_for_event":"","_tribe_ticket_going_count":"","_tribe_ticket_not_going_count":"","_tribe_tickets_list":"[]","_tribe_ticket_has_attendee_info_fields":false},"product_brand":[],"product_cat":[28,62],"product_tag":[125,126,127,124],"class_list":{"0":"post-52398","1":"product","2":"type-product","3":"status-publish","4":"has-post-thumbnail","6":"product_cat-accessories","7":"product_cat-okawa-merchandise","8":"product_tag-accessoire","9":"product_tag-equipment","10":"product_tag-karatetasche","11":"product_tag-tasche","12":"product_shipping_class-paketversand","14":"first","15":"instock","16":"shipping-taxable","17":"purchasable","18":"product-type-simple"},"_links":{"self":[{"href":"https:\/\/okawa.ch\/en\/wp-json\/wp\/v2\/product\/52398","targetHints":{"allow":["GET"]}}],"collection":[{"href":"https:\/\/okawa.ch\/en\/wp-json\/wp\/v2\/product"}],"about":[{"href":"https:\/\/okawa.ch\/en\/wp-json\/wp\/v2\/types\/product"}],"version-history":[{"count":2,"href":"https:\/\/okawa.ch\/en\/wp-json\/wp\/v2\/product\/52398\/revisions"}],"predecessor-version":[{"id":52404,"href":"https:\/\/okawa.ch\/en\/wp-json\/wp\/v2\/product\/52398\/revisions\/52404"}],"wp:featuredmedia":[{"embeddable":true,"href":"https:\/\/okawa.ch\/en\/wp-json\/wp\/v2\/media\/52399"}],"wp:attachment":[{"href":"https:\/\/okawa.ch\/en\/wp-json\/wp\/v2\/media?parent=52398"}],"wp:term":[{"taxonomy":"product_brand","embeddable":true,"href":"https:\/\/okawa.ch\/en\/wp-json\/wp\/v2\/product_brand?post=52398"},{"taxonomy":"product_cat","embeddable":true,"href":"https:\/\/okawa.ch\/en\/wp-json\/wp\/v2\/product_cat?post=52398"},{"taxonomy":"product_tag","embeddable":true,"href":"https:\/\/okawa.ch\/en\/wp-json\/wp\/v2\/product_tag?post=52398"}],"curies":[{"name":"wp","href":"https:\/\/api.w.org\/{rel}","templated":true}]}}