{"id":52151,"date":"2024-07-09T11:36:37","date_gmt":"2024-07-09T09:36:37","guid":{"rendered":"https:\/\/okawa.ch\/?post_type=product&#038;p=52151"},"modified":"2024-07-09T11:43:54","modified_gmt":"2024-07-09T09:43:54","slug":"okawa-5-panel-cap","status":"publish","type":"product","link":"https:\/\/okawa.ch\/en\/product\/okawa-5-panel-cap\/","title":{"rendered":"Okawa 5-Panel Cap"},"content":{"rendered":"<p>Mit dem Okawa 5-Panel Cap bist du nicht nur bestens ausger\u00fcstet f\u00fcrs n\u00e4chste Trainingscamp in der Sonne, sondern auch noch en vogue! Das Cap ist dein perfekter Alltagsbegleiter und besonders n\u00fctzlich in Sommerlagern oder beim Outdoor-Training, um dich vor der blendenden, heissen Sonne zu sch\u00fctzen.<\/p>\n<ul>\n<li>100% Baumwolle<\/li>\n<li>Pflegehinweis: mit Handw\u00e4sche reinigen<\/li>\n<li>Okawa Logo &#8211; Stickerei<\/li>\n<li>Zeitgen\u00f6ssischer 5-Panel-Style<\/li>\n<\/ul>","protected":false},"excerpt":{"rendered":"<p>Mit dem Okawa 5-Panel Cap bist du nicht nur bestens ausger\u00fcstet f\u00fcrs n\u00e4chste Trainingscamp in der Sonne, sondern auch noch en vogue! Das Cap ist dein perfekter Alltagsbegleiter und besonders &#8230; <a title=\"Okawa 5-Panel Cap\" class=\"read-more\" href=\"https:\/\/okawa.ch\/en\/product\/okawa-5-panel-cap\/\" aria-label=\"Read more about Okawa 5-Panel Cap\">Read more<\/a><\/p>","protected":false},"featured_media":52152,"template":"","meta":{"_price":"40","_stock":"","_tribe_ticket_header":"","_tribe_default_ticket_provider":"","_ticket_start_date":"","_ticket_end_date":"","_tribe_ticket_show_description":"","_tribe_ticket_show_not_going":false,"_tribe_ticket_use_global_stock":"","_tribe_ticket_global_stock_level":"","_global_stock_mode":"","_global_stock_cap":"","_tribe_rsvp_for_event":"","_tribe_ticket_going_count":"","_tribe_ticket_not_going_count":"","_tribe_tickets_list":"[]","_tribe_ticket_has_attendee_info_fields":false},"product_brand":[],"product_cat":[28,62],"product_tag":[],"class_list":{"0":"post-52151","1":"product","2":"type-product","3":"status-publish","4":"has-post-thumbnail","6":"product_cat-accessories","7":"product_cat-okawa-merchandise","8":"product_shipping_class-paketversand","10":"first","11":"instock","12":"featured","13":"shipping-taxable","14":"purchasable","15":"product-type-simple"},"_links":{"self":[{"href":"https:\/\/okawa.ch\/en\/wp-json\/wp\/v2\/product\/52151","targetHints":{"allow":["GET"]}}],"collection":[{"href":"https:\/\/okawa.ch\/en\/wp-json\/wp\/v2\/product"}],"about":[{"href":"https:\/\/okawa.ch\/en\/wp-json\/wp\/v2\/types\/product"}],"version-history":[{"count":1,"href":"https:\/\/okawa.ch\/en\/wp-json\/wp\/v2\/product\/52151\/revisions"}],"predecessor-version":[{"id":52156,"href":"https:\/\/okawa.ch\/en\/wp-json\/wp\/v2\/product\/52151\/revisions\/52156"}],"wp:featuredmedia":[{"embeddable":true,"href":"https:\/\/okawa.ch\/en\/wp-json\/wp\/v2\/media\/52152"}],"wp:attachment":[{"href":"https:\/\/okawa.ch\/en\/wp-json\/wp\/v2\/media?parent=52151"}],"wp:term":[{"taxonomy":"product_brand","embeddable":true,"href":"https:\/\/okawa.ch\/en\/wp-json\/wp\/v2\/product_brand?post=52151"},{"taxonomy":"product_cat","embeddable":true,"href":"https:\/\/okawa.ch\/en\/wp-json\/wp\/v2\/product_cat?post=52151"},{"taxonomy":"product_tag","embeddable":true,"href":"https:\/\/okawa.ch\/en\/wp-json\/wp\/v2\/product_tag?post=52151"}],"curies":[{"name":"wp","href":"https:\/\/api.w.org\/{rel}","templated":true}]}}