{"id":50664,"date":"2024-06-25T21:43:30","date_gmt":"2024-06-25T19:43:30","guid":{"rendered":"https:\/\/studio.okawa.ch\/?post_type=product&#038;p=50664"},"modified":"2024-07-08T12:26:00","modified_gmt":"2024-07-08T10:26:00","slug":"okawa-classic-t-shirt","status":"publish","type":"product","link":"https:\/\/okawa.ch\/en\/product\/okawa-classic-t-shirt\/","title":{"rendered":"Okawa Classic T-shirt"},"content":{"rendered":"<p>Das T-Shirt hat einen modernen Schnitt und besteht aus 100% Organic Fairtrade Baumwolle.<\/p>\n<ul>\n<li>&#171;Okawa Dojo&#187;-Schriftzug auf linker Brust<\/li>\n<li>Grosser &#171;Okawa Dojo&#187;-Print auf dem R\u00fccken<\/li>\n<li>100% aus Organic Fairtrade Cotton<\/li>\n<li>Single Jersey Knit, 185 g\/m2<\/li>\n<li>Zertifizierungen: GOTS Standard, Ecolabel, Fairtrade Cotton, Oeko-Tex, SA8000 (international human rights norms)<\/li>\n<li>w\u00e4hle zwischen leicht tailliertem Damen- oder geradlinigem Herrenschnitt<\/li>\n<li>Sehr angenehmer Tragekomfort dank etwas dickerer Baumwollqualit\u00e4t<\/li>\n<li>Erh\u00e4ltlich in Black, Okawa Wave Blue, White, Dusty Purple, Light Grey Melange und Sand<\/li>\n<\/ul>\n<p><strong>Wichtig:<\/strong> Bitte beachte f\u00fcr die richtige Wahl der Gr\u00f6sse die Gr\u00f6ssentabelle des Herstellers. Da es sich bei diesem Produkt um reine Baumwolle handelt, gehen die Teile beim Waschen leicht ein . Daher empfehlen wir, die Gr\u00f6ssen zu pr\u00fcfen.<\/p>","protected":false},"excerpt":{"rendered":"<p>Das T-Shirt hat einen modernen Schnitt und besteht aus 100% Organic Fairtrade Baumwolle. &#171;Okawa Dojo&#187;-Schriftzug auf linker Brust Grosser &#171;Okawa Dojo&#187;-Print auf dem R\u00fccken 100% aus Organic Fairtrade Cotton Single &#8230; <a title=\"Okawa Classic T-shirt\" class=\"read-more\" href=\"https:\/\/okawa.ch\/en\/product\/okawa-classic-t-shirt\/\" aria-label=\"Read more about Okawa Classic T-shirt\">Read more<\/a><\/p>","protected":false},"featured_media":50741,"template":"","meta":{"_price":"30","_stock":"","_tribe_ticket_header":"","_tribe_default_ticket_provider":"","_ticket_start_date":"","_ticket_end_date":"","_tribe_ticket_show_description":"","_tribe_ticket_show_not_going":false,"_tribe_ticket_use_global_stock":"","_tribe_ticket_global_stock_level":"","_global_stock_mode":"","_global_stock_cap":"","_tribe_rsvp_for_event":"","_tribe_ticket_going_count":"","_tribe_ticket_not_going_count":"","_tribe_tickets_list":"[]","_tribe_ticket_has_attendee_info_fields":false},"product_brand":[],"product_cat":[33,62,48],"product_tag":[],"class_list":{"0":"post-50664","1":"product","2":"type-product","3":"status-publish","4":"has-post-thumbnail","6":"product_cat-clothing","7":"product_cat-okawa-merchandise","8":"product_cat-tshirts","9":"product_shipping_class-paketversand","11":"first","12":"instock","13":"featured","14":"shipping-taxable","15":"purchasable","16":"product-type-variable"},"_links":{"self":[{"href":"https:\/\/okawa.ch\/en\/wp-json\/wp\/v2\/product\/50664","targetHints":{"allow":["GET"]}}],"collection":[{"href":"https:\/\/okawa.ch\/en\/wp-json\/wp\/v2\/product"}],"about":[{"href":"https:\/\/okawa.ch\/en\/wp-json\/wp\/v2\/types\/product"}],"version-history":[{"count":1,"href":"https:\/\/okawa.ch\/en\/wp-json\/wp\/v2\/product\/50664\/revisions"}],"predecessor-version":[{"id":50765,"href":"https:\/\/okawa.ch\/en\/wp-json\/wp\/v2\/product\/50664\/revisions\/50765"}],"wp:featuredmedia":[{"embeddable":true,"href":"https:\/\/okawa.ch\/en\/wp-json\/wp\/v2\/media\/50741"}],"wp:attachment":[{"href":"https:\/\/okawa.ch\/en\/wp-json\/wp\/v2\/media?parent=50664"}],"wp:term":[{"taxonomy":"product_brand","embeddable":true,"href":"https:\/\/okawa.ch\/en\/wp-json\/wp\/v2\/product_brand?post=50664"},{"taxonomy":"product_cat","embeddable":true,"href":"https:\/\/okawa.ch\/en\/wp-json\/wp\/v2\/product_cat?post=50664"},{"taxonomy":"product_tag","embeddable":true,"href":"https:\/\/okawa.ch\/en\/wp-json\/wp\/v2\/product_tag?post=50664"}],"curies":[{"name":"wp","href":"https:\/\/api.w.org\/{rel}","templated":true}]}}