{"id":50652,"date":"2024-06-25T20:49:33","date_gmt":"2024-06-25T18:49:33","guid":{"rendered":"https:\/\/studio.okawa.ch\/?post_type=product&#038;p=50652"},"modified":"2024-07-08T12:25:27","modified_gmt":"2024-07-08T10:25:27","slug":"shinkyokushinkai-kihon-technik-booklet","status":"publish","type":"product","link":"https:\/\/okawa.ch\/en\/product\/shinkyokushinkai-kihon-technik-booklet\/","title":{"rendered":"Shinkyokushinkai Kihon Technik Booklet"},"content":{"rendered":"<p>Das Kihon Booklet: Dein Begleiter vom 10. Kyu bis 2. Dan und noch viel weiter.<\/p>\n<p>Entdecke das umfassende Kihon Booklet, das alle Techniken von 10. Kyu bis 2. Dan abdeckt. Mit detaillierten Erkl\u00e4rungen zu St\u00e4nden, Kicks, Schlag- und Blocktechniken unterst\u00fctzt es dich dabei, die technischen Voraussetzungen f\u00fcr deine n\u00e4chste Kyu- oder Danpr\u00fcfung zu meistern.<\/p>\n<p>Das Booklet bietet:<\/p>\n<ul>\n<li><strong>Ausf\u00fchrliche Erkl\u00e4rungen<\/strong>: Jede Technik wird Schritt f\u00fcr Schritt beschrieben, um dir ein tiefes Verst\u00e4ndnis zu vermitteln.<\/li>\n<li><strong>Anschauliche Bilder<\/strong>: jede Technik visualisiert mit klaren, pr\u00e4zisen Bildern.<\/li>\n<li><strong>N\u00fctzliche Informationen<\/strong>: Viele Tipps und zus\u00e4tzliche Erkl\u00e4rungen zur optimalen Ausf\u00fchrung der Techniken.<\/li>\n<li><strong>F\u00fcr alle Level geeignet<\/strong>: Egal ob Anf\u00e4nger oder erfahrener Karateka, das Booklet hilft dir, deine Kyokushin-Techniken zu vertiefen.<\/li>\n<li><strong>Sprachen:<\/strong> Das Kihon Booklet ist erh\u00e4ltlich in den Sprachen Deutsch und Englisch.<\/li>\n<\/ul>\n<p>Orientiert an den WKO-Standards (Shinkyokushinkai), bietet das Kihon Booklet eine verl\u00e4ssliche Grundlage, die sich nur in wenigen Details von anderen Kyokushinkai Verb\u00e4nden unterscheidet.<\/p>\n<p>Lass dich inspirieren und schau in die Leseprobe rein:\u00a0<a href=\"https:\/\/okawa.ch\/wp-content\/uploads\/2024\/06\/TheKihonBooklet_Leseprobe_Deutsch.pdf\">Kihon Booklet Leseprobe Deutsch<\/a><\/p>\n<p>Get inspired and take a look at the sample in English: <a href=\"https:\/\/okawa.ch\/wp-content\/uploads\/2024\/06\/TheKihonBooklet_Sample_English.pdf\">KihonBooklet Sample English<\/a><\/p>","protected":false},"excerpt":{"rendered":"<p>Das Kihon Booklet: Dein Begleiter vom 10. Kyu bis 2. Dan und noch viel weiter. Entdecke das umfassende Kihon Booklet, das alle Techniken von 10. Kyu bis 2. Dan abdeckt. &#8230; <a title=\"Shinkyokushinkai Kihon Technik Booklet\" class=\"read-more\" href=\"https:\/\/okawa.ch\/en\/product\/shinkyokushinkai-kihon-technik-booklet\/\" aria-label=\"Read more about Shinkyokushinkai Kihon Technik Booklet\">Read more<\/a><\/p>","protected":false},"featured_media":50656,"template":"","meta":{"_price":"25","_stock":"","_tribe_ticket_header":"","_tribe_default_ticket_provider":"","_ticket_start_date":"","_ticket_end_date":"","_tribe_ticket_show_description":"","_tribe_ticket_show_not_going":false,"_tribe_ticket_use_global_stock":"","_tribe_ticket_global_stock_level":"","_global_stock_mode":"","_global_stock_cap":"","_tribe_rsvp_for_event":"","_tribe_ticket_going_count":"","_tribe_ticket_not_going_count":"","_tribe_tickets_list":"[]","_tribe_ticket_has_attendee_info_fields":false},"product_brand":[],"product_cat":[98],"product_tag":[],"class_list":{"0":"post-50652","1":"product","2":"type-product","3":"status-publish","4":"has-post-thumbnail","6":"product_cat-educational-material","7":"product_shipping_class-einzelnes-kihon-booklet","9":"first","10":"instock","11":"featured","12":"shipping-taxable","13":"purchasable","14":"product-type-variable"},"_links":{"self":[{"href":"https:\/\/okawa.ch\/en\/wp-json\/wp\/v2\/product\/50652","targetHints":{"allow":["GET"]}}],"collection":[{"href":"https:\/\/okawa.ch\/en\/wp-json\/wp\/v2\/product"}],"about":[{"href":"https:\/\/okawa.ch\/en\/wp-json\/wp\/v2\/types\/product"}],"version-history":[{"count":3,"href":"https:\/\/okawa.ch\/en\/wp-json\/wp\/v2\/product\/50652\/revisions"}],"predecessor-version":[{"id":51541,"href":"https:\/\/okawa.ch\/en\/wp-json\/wp\/v2\/product\/50652\/revisions\/51541"}],"wp:featuredmedia":[{"embeddable":true,"href":"https:\/\/okawa.ch\/en\/wp-json\/wp\/v2\/media\/50656"}],"wp:attachment":[{"href":"https:\/\/okawa.ch\/en\/wp-json\/wp\/v2\/media?parent=50652"}],"wp:term":[{"taxonomy":"product_brand","embeddable":true,"href":"https:\/\/okawa.ch\/en\/wp-json\/wp\/v2\/product_brand?post=50652"},{"taxonomy":"product_cat","embeddable":true,"href":"https:\/\/okawa.ch\/en\/wp-json\/wp\/v2\/product_cat?post=50652"},{"taxonomy":"product_tag","embeddable":true,"href":"https:\/\/okawa.ch\/en\/wp-json\/wp\/v2\/product_tag?post=50652"}],"curies":[{"name":"wp","href":"https:\/\/api.w.org\/{rel}","templated":true}]}}