{"id":50549,"date":"2024-06-24T17:12:49","date_gmt":"2024-06-24T15:12:49","guid":{"rendered":"https:\/\/studio.okawa.ch\/?post_type=product&#038;p=50549"},"modified":"2024-07-08T12:25:53","modified_gmt":"2024-07-08T10:25:53","slug":"okawa-zip-hoodie","status":"publish","type":"product","link":"https:\/\/okawa.ch\/en\/product\/okawa-zip-hoodie\/","title":{"rendered":"Okawa Classics Zip Hoodie"},"content":{"rendered":"<p>Der beliebte Okawa Zip Hoodie ist ein bequemer Begleiter f\u00fcr den Alltag &#8211; auch ausserhalb des Dojos.<\/p>\n<ul>\n<li>&#171;Okawa Dojo&#187;-Schriftzug auf linker Brust<\/li>\n<li>Grosser &#171;Okawa Dojo&#187;-Print auf dem R\u00fccken<\/li>\n<li>100% aus Organic Fairtrade Cotton<\/li>\n<li>Fleece, brushed inside, 300 g\/m2<\/li>\n<li>Geteilte Kangaroo-Tasche<\/li>\n<li>YKK-Reissverschluss<\/li>\n<li>Saum- und Armabschluss mit breitem Rippenb\u00fcndchen<\/li>\n<li>Kapuze mit Kordelzug<\/li>\n<li>Damen- und Herrenschnitt<\/li>\n<li>Zertifizierungen: GOTS Standard, Ecolabel, Fairtrade Cotton, Oeko-Tex, SA8000 (international human rights norms)<\/li>\n<li>Erh\u00e4ltlich in den Farben Black, Okawa Wave Blue und Light Grey Melange<\/li>\n<\/ul>\n<p><strong>Wichtig:<\/strong> Bitte beachte f\u00fcr die richtige Wahl der Gr\u00f6sse die Gr\u00f6ssentabelle des Herstellers. Da es sich bei diesem Produkt um reine Baumwolle handelt, gehen die Teile beim Waschen leicht ein. Daher empfehlen wir, die Masse zu pr\u00fcfen.<\/p>","protected":false},"excerpt":{"rendered":"<p>Der beliebte Okawa Zip Hoodie ist ein bequemer Begleiter f\u00fcr den Alltag &#8211; auch ausserhalb des Dojos. &#171;Okawa Dojo&#187;-Schriftzug auf linker Brust Grosser &#171;Okawa Dojo&#187;-Print auf dem R\u00fccken 100% aus &#8230; <a title=\"Okawa Classics Zip Hoodie\" class=\"read-more\" href=\"https:\/\/okawa.ch\/en\/product\/okawa-zip-hoodie\/\" aria-label=\"Read more about Okawa Classics Zip Hoodie\">Read more<\/a><\/p>","protected":false},"featured_media":50597,"template":"","meta":{"_price":"65","_stock":"","_tribe_ticket_header":"","_tribe_default_ticket_provider":"","_ticket_start_date":"","_ticket_end_date":"","_tribe_ticket_show_description":"","_tribe_ticket_show_not_going":false,"_tribe_ticket_use_global_stock":"","_tribe_ticket_global_stock_level":"","_global_stock_mode":"","_global_stock_cap":"","_tribe_rsvp_for_event":"","_tribe_ticket_going_count":"","_tribe_ticket_not_going_count":"","_tribe_tickets_list":"[]","_tribe_ticket_has_attendee_info_fields":false},"product_brand":[],"product_cat":[39,62],"product_tag":[],"class_list":{"0":"post-50549","1":"product","2":"type-product","3":"status-publish","4":"has-post-thumbnail","6":"product_cat-hoodies","7":"product_cat-okawa-merchandise","8":"product_shipping_class-paketversand","10":"first","11":"instock","12":"featured","13":"shipping-taxable","14":"purchasable","15":"product-type-variable"},"_links":{"self":[{"href":"https:\/\/okawa.ch\/en\/wp-json\/wp\/v2\/product\/50549","targetHints":{"allow":["GET"]}}],"collection":[{"href":"https:\/\/okawa.ch\/en\/wp-json\/wp\/v2\/product"}],"about":[{"href":"https:\/\/okawa.ch\/en\/wp-json\/wp\/v2\/types\/product"}],"version-history":[{"count":2,"href":"https:\/\/okawa.ch\/en\/wp-json\/wp\/v2\/product\/50549\/revisions"}],"predecessor-version":[{"id":50643,"href":"https:\/\/okawa.ch\/en\/wp-json\/wp\/v2\/product\/50549\/revisions\/50643"}],"wp:featuredmedia":[{"embeddable":true,"href":"https:\/\/okawa.ch\/en\/wp-json\/wp\/v2\/media\/50597"}],"wp:attachment":[{"href":"https:\/\/okawa.ch\/en\/wp-json\/wp\/v2\/media?parent=50549"}],"wp:term":[{"taxonomy":"product_brand","embeddable":true,"href":"https:\/\/okawa.ch\/en\/wp-json\/wp\/v2\/product_brand?post=50549"},{"taxonomy":"product_cat","embeddable":true,"href":"https:\/\/okawa.ch\/en\/wp-json\/wp\/v2\/product_cat?post=50549"},{"taxonomy":"product_tag","embeddable":true,"href":"https:\/\/okawa.ch\/en\/wp-json\/wp\/v2\/product_tag?post=50549"}],"curies":[{"name":"wp","href":"https:\/\/api.w.org\/{rel}","templated":true}]}}