{"id":50511,"date":"2024-06-24T16:45:59","date_gmt":"2024-06-24T14:45:59","guid":{"rendered":"https:\/\/studio.okawa.ch\/?post_type=product&#038;p=50511"},"modified":"2024-07-08T12:25:37","modified_gmt":"2024-07-08T10:25:37","slug":"okawa-performance-t-shirt","status":"publish","type":"product","link":"https:\/\/okawa.ch\/en\/product\/okawa-performance-t-shirt\/","title":{"rendered":"Okawa Performance T-Shirt"},"content":{"rendered":"<p>Ein funktionelles und atmungsaktives T-shirt f\u00fcr die Trainings ausserhalb des Dojos.<\/p>\n<ul>\n<li>&#171;Okawa Dojo&#187;-Schriftzug auf linker Brust<\/li>\n<li>Grosser &#171;Okawa Dojo&#187;-Print auf dem R\u00fccken<\/li>\n<li>100% recycled Polyester 135 g\/m2<\/li>\n<li>Pflegehinweis: auf links gedreht bei maximal 40\u00b0 waschen<\/li>\n<li>Erh\u00e4ltlich in Black oder Okawa Wave Blue<\/li>\n<\/ul>\n<p><strong>Wichtig:<\/strong> Bitte beachte f\u00fcr die richtige Wahl der Gr\u00f6sse die Gr\u00f6ssentabelle des Herstellers.<\/p>","protected":false},"excerpt":{"rendered":"<p>Ein funktionelles und atmungsaktives T-shirt f\u00fcr die Trainings ausserhalb des Dojos. &#171;Okawa Dojo&#187;-Schriftzug auf linker Brust Grosser &#171;Okawa Dojo&#187;-Print auf dem R\u00fccken 100% recycled Polyester 135 g\/m2 Pflegehinweis: auf links &#8230; <a title=\"Okawa Performance T-Shirt\" class=\"read-more\" href=\"https:\/\/okawa.ch\/en\/product\/okawa-performance-t-shirt\/\" aria-label=\"Read more about Okawa Performance T-Shirt\">Read more<\/a><\/p>","protected":false},"featured_media":50545,"template":"","meta":{"_price":"30","_stock":"","_tribe_ticket_header":"","_tribe_default_ticket_provider":"","_ticket_start_date":"","_ticket_end_date":"","_tribe_ticket_show_description":"","_tribe_ticket_show_not_going":false,"_tribe_ticket_use_global_stock":"","_tribe_ticket_global_stock_level":"","_global_stock_mode":"","_global_stock_cap":"","_tribe_rsvp_for_event":"","_tribe_ticket_going_count":"","_tribe_ticket_not_going_count":"","_tribe_tickets_list":"[]","_tribe_ticket_has_attendee_info_fields":false},"product_brand":[],"product_cat":[33,62,48],"product_tag":[],"class_list":{"0":"post-50511","1":"product","2":"type-product","3":"status-publish","4":"has-post-thumbnail","6":"product_cat-clothing","7":"product_cat-okawa-merchandise","8":"product_cat-tshirts","9":"product_shipping_class-paketversand","11":"first","12":"instock","13":"featured","14":"shipping-taxable","15":"purchasable","16":"product-type-variable"},"_links":{"self":[{"href":"https:\/\/okawa.ch\/en\/wp-json\/wp\/v2\/product\/50511","targetHints":{"allow":["GET"]}}],"collection":[{"href":"https:\/\/okawa.ch\/en\/wp-json\/wp\/v2\/product"}],"about":[{"href":"https:\/\/okawa.ch\/en\/wp-json\/wp\/v2\/types\/product"}],"version-history":[{"count":1,"href":"https:\/\/okawa.ch\/en\/wp-json\/wp\/v2\/product\/50511\/revisions"}],"predecessor-version":[{"id":50546,"href":"https:\/\/okawa.ch\/en\/wp-json\/wp\/v2\/product\/50511\/revisions\/50546"}],"wp:featuredmedia":[{"embeddable":true,"href":"https:\/\/okawa.ch\/en\/wp-json\/wp\/v2\/media\/50545"}],"wp:attachment":[{"href":"https:\/\/okawa.ch\/en\/wp-json\/wp\/v2\/media?parent=50511"}],"wp:term":[{"taxonomy":"product_brand","embeddable":true,"href":"https:\/\/okawa.ch\/en\/wp-json\/wp\/v2\/product_brand?post=50511"},{"taxonomy":"product_cat","embeddable":true,"href":"https:\/\/okawa.ch\/en\/wp-json\/wp\/v2\/product_cat?post=50511"},{"taxonomy":"product_tag","embeddable":true,"href":"https:\/\/okawa.ch\/en\/wp-json\/wp\/v2\/product_tag?post=50511"}],"curies":[{"name":"wp","href":"https:\/\/api.w.org\/{rel}","templated":true}]}}