{"id":50408,"date":"2024-06-24T15:22:51","date_gmt":"2024-06-24T13:22:51","guid":{"rendered":"https:\/\/studio.okawa.ch\/?post_type=product&#038;p=50408"},"modified":"2024-07-09T11:30:54","modified_gmt":"2024-07-09T09:30:54","slug":"okawa-classics-cap","status":"publish","type":"product","link":"https:\/\/okawa.ch\/en\/product\/okawa-classics-cap\/","title":{"rendered":"Okawa Classics Cap"},"content":{"rendered":"<p>Mit dem Okawa Cap bist du bestens ausger\u00fcstet f\u00fcrs n\u00e4chste Trainingscamp in der Sonne! Das Cap ist dein perfekter Alltagsbegleiter und besonders n\u00fctzlich in Sommerlagern oder beim Outdoor-Training, um dich vor der blendenden, heissen Sonne zu sch\u00fctzen.<\/p>\n<ul>\n<li>80% Acryl, 20% Wolle<\/li>\n<li>Pflegehinweis: mit Handw\u00e4sche reinigen<\/li>\n<li>Okawa Logo &#8211; Stickerei<\/li>\n<li>Erh\u00e4ltlich in zwei Gr\u00f6ssen<\/li>\n<\/ul>","protected":false},"excerpt":{"rendered":"<p>Mit dem Okawa Cap bist du bestens ausger\u00fcstet f\u00fcrs n\u00e4chste Trainingscamp in der Sonne! Das Cap ist dein perfekter Alltagsbegleiter und besonders n\u00fctzlich in Sommerlagern oder beim Outdoor-Training, um dich &#8230; <a title=\"Okawa Classics Cap\" class=\"read-more\" href=\"https:\/\/okawa.ch\/en\/product\/okawa-classics-cap\/\" aria-label=\"Read more about Okawa Classics Cap\">Read more<\/a><\/p>","protected":false},"featured_media":50411,"template":"","meta":{"_price":"40","_stock":"","_tribe_ticket_header":"","_tribe_default_ticket_provider":"","_ticket_start_date":"","_ticket_end_date":"","_tribe_ticket_show_description":"","_tribe_ticket_show_not_going":false,"_tribe_ticket_use_global_stock":"","_tribe_ticket_global_stock_level":"","_global_stock_mode":"","_global_stock_cap":"","_tribe_rsvp_for_event":"","_tribe_ticket_going_count":"","_tribe_ticket_not_going_count":"","_tribe_tickets_list":"[]","_tribe_ticket_has_attendee_info_fields":false},"product_brand":[],"product_cat":[28,62],"product_tag":[],"class_list":{"0":"post-50408","1":"product","2":"type-product","3":"status-publish","4":"has-post-thumbnail","6":"product_cat-accessories","7":"product_cat-okawa-merchandise","8":"product_shipping_class-paketversand","10":"first","11":"instock","12":"featured","13":"shipping-taxable","14":"purchasable","15":"product-type-simple"},"_links":{"self":[{"href":"https:\/\/okawa.ch\/en\/wp-json\/wp\/v2\/product\/50408","targetHints":{"allow":["GET"]}}],"collection":[{"href":"https:\/\/okawa.ch\/en\/wp-json\/wp\/v2\/product"}],"about":[{"href":"https:\/\/okawa.ch\/en\/wp-json\/wp\/v2\/types\/product"}],"version-history":[{"count":1,"href":"https:\/\/okawa.ch\/en\/wp-json\/wp\/v2\/product\/50408\/revisions"}],"predecessor-version":[{"id":50418,"href":"https:\/\/okawa.ch\/en\/wp-json\/wp\/v2\/product\/50408\/revisions\/50418"}],"wp:featuredmedia":[{"embeddable":true,"href":"https:\/\/okawa.ch\/en\/wp-json\/wp\/v2\/media\/50411"}],"wp:attachment":[{"href":"https:\/\/okawa.ch\/en\/wp-json\/wp\/v2\/media?parent=50408"}],"wp:term":[{"taxonomy":"product_brand","embeddable":true,"href":"https:\/\/okawa.ch\/en\/wp-json\/wp\/v2\/product_brand?post=50408"},{"taxonomy":"product_cat","embeddable":true,"href":"https:\/\/okawa.ch\/en\/wp-json\/wp\/v2\/product_cat?post=50408"},{"taxonomy":"product_tag","embeddable":true,"href":"https:\/\/okawa.ch\/en\/wp-json\/wp\/v2\/product_tag?post=50408"}],"curies":[{"name":"wp","href":"https:\/\/api.w.org\/{rel}","templated":true}]}}