{"id":49220,"date":"2024-03-09T10:22:16","date_gmt":"2024-03-09T10:22:16","guid":{"rendered":"https:\/\/studio.okawa.ch\/?page_id=49220"},"modified":"2025-01-09T12:01:07","modified_gmt":"2025-01-09T11:01:07","slug":"dojo","status":"publish","type":"page","link":"https:\/\/okawa.ch\/en\/dojo\/","title":{"rendered":"Dojo"},"content":{"rendered":"<div data-elementor-type=\"wp-page\" data-elementor-id=\"49220\" class=\"elementor elementor-49220\" data-elementor-post-type=\"page\">\n\t\t\t\t<div class=\"elementor-element elementor-element-7260547 e-con-full e-flex e-con e-parent\" data-id=\"7260547\" data-element_type=\"container\" data-e-type=\"container\" data-settings=\"{&quot;background_background&quot;:&quot;classic&quot;}\">\n\t\t<div class=\"elementor-element elementor-element-2ed5da63 e-con-full e-flex e-con e-child\" data-id=\"2ed5da63\" data-element_type=\"container\" data-e-type=\"container\">\n\t\t\t\t<div class=\"elementor-element elementor-element-6523326b animated-slow elementor-invisible elementor-widget elementor-widget-heading\" data-id=\"6523326b\" data-element_type=\"widget\" data-e-type=\"widget\" data-settings=\"{&quot;_animation&quot;:&quot;slideInUp&quot;}\" data-widget_type=\"heading.default\">\n\t\t\t\t<div class=\"elementor-widget-container\">\n\t\t\t\t\t<h2 class=\"elementor-heading-title elementor-size-default\">Dojo \u9053\u5834<\/h2>\t\t\t\t<\/div>\n\t\t\t\t<\/div>\n\t\t\t\t<div class=\"elementor-element elementor-element-564f970c elementor-widget elementor-widget-text-editor\" data-id=\"564f970c\" data-element_type=\"widget\" data-e-type=\"widget\" data-widget_type=\"text-editor.default\">\n\t\t\t\t<div class=\"elementor-widget-container\">\n\t\t\t\t\t\t\t\t\t<p>Ein Dojo ist weit mehr als nur ein Trainingsraum \u2013 es ist ein Ort der Hingabe, des Lernens und des pers\u00f6nlichen Wachstums. Das Wort &#171;Dojo&#187; kommt aus dem Japanischen und bedeutet w\u00f6rtlich &#171;Ort des Weges&#187;. Es symbolisiert einen Raum, in dem man seinen Weg durch st\u00e4ndige Verbesserung und Disziplin findet.<\/p>\t\t\t\t\t\t\t\t<\/div>\n\t\t\t\t<\/div>\n\t\t\t\t<\/div>\n\t\t\t\t<\/div>\n\t\t<div class=\"elementor-element elementor-element-68e27dfb e-flex e-con-boxed e-con e-parent\" data-id=\"68e27dfb\" data-element_type=\"container\" data-e-type=\"container\" data-settings=\"{&quot;background_background&quot;:&quot;classic&quot;}\">\n\t\t\t\t\t<div class=\"e-con-inner\">\n\t\t<div class=\"elementor-element elementor-element-e4b1309 e-con-full e-flex e-con e-child\" data-id=\"e4b1309\" data-element_type=\"container\" data-e-type=\"container\">\n\t\t\t\t<div class=\"elementor-element elementor-element-4c6702b7 elementor-widget elementor-widget-text-editor\" data-id=\"4c6702b7\" data-element_type=\"widget\" data-e-type=\"widget\" data-widget_type=\"text-editor.default\">\n\t\t\t\t<div class=\"elementor-widget-container\">\n\t\t\t\t\t\t\t\t\t<p>Im Okawa Dojo pflegen wir nicht nur die Tradition und Technik des Kyokushinkai Karate, sondern leben auch den Okawa Spirit: intensives Training, gegenseitige Unterst\u00fctzung, Respekt und eine Never-Give-Up Mentalit\u00e4t.<\/p><p>Unser Dojo ist ein R\u00fcckzugsort vom hektischen Alltag, wo du nicht nur deine k\u00f6rperliche Fitness verbessern, sondern auch innere Ruhe und Ausgeglichenheit finden kannst. Hier geht es darum, die Freude und den Spass am Training zu erleben und gleichzeitig die hohen technischen Standards und die Leidenschaft f\u00fcr die Kampfkunst zu f\u00f6rdern.<\/p>\t\t\t\t\t\t\t\t<\/div>\n\t\t\t\t<\/div>\n\t\t\t\t<\/div>\n\t\t\t\t<div class=\"elementor-element elementor-element-21a2edb1 elementor-widget elementor-widget-image\" data-id=\"21a2edb1\" data-element_type=\"widget\" data-e-type=\"widget\" data-widget_type=\"image.default\">\n\t\t\t\t<div class=\"elementor-widget-container\">\n\t\t\t\t\t\t\t\t\t\t\t\t\t\t\t<img fetchpriority=\"high\" decoding=\"async\" width=\"900\" height=\"600\" src=\"https:\/\/okawa.ch\/wp-content\/uploads\/2024\/06\/Dojo1-1024x683.jpg\" class=\"attachment-large size-large wp-image-51199\" alt=\"Unser Dojo ist ein R\u00fcckzugsort vom hektischen Alltag, wo du nicht nur deine k\u00f6rperliche Fitness verbessern, sondern auch innere Ruhe und Ausgeglichenheit finden kannst.\" srcset=\"https:\/\/okawa.ch\/wp-content\/uploads\/2024\/06\/Dojo1-1024x683.jpg 1024w, https:\/\/okawa.ch\/wp-content\/uploads\/2024\/06\/Dojo1-scaled-600x400.jpg 600w, https:\/\/okawa.ch\/wp-content\/uploads\/2024\/06\/Dojo1-300x200.jpg 300w, https:\/\/okawa.ch\/wp-content\/uploads\/2024\/06\/Dojo1-768x512.jpg 768w, https:\/\/okawa.ch\/wp-content\/uploads\/2024\/06\/Dojo1-1536x1024.jpg 1536w, https:\/\/okawa.ch\/wp-content\/uploads\/2024\/06\/Dojo1-2048x1365.jpg 2048w, https:\/\/okawa.ch\/wp-content\/uploads\/2024\/06\/Dojo1-18x12.jpg 18w, https:\/\/okawa.ch\/wp-content\/uploads\/2024\/06\/Dojo1-scaled.jpg 1920w\" sizes=\"(max-width: 900px) 100vw, 900px\" \/>\t\t\t\t\t\t\t\t\t\t\t\t\t\t\t<\/div>\n\t\t\t\t<\/div>\n\t\t\t\t\t<\/div>\n\t\t\t\t<\/div>\n\t\t<div class=\"elementor-element elementor-element-2f82c86 e-flex e-con-boxed e-con e-parent\" data-id=\"2f82c86\" data-element_type=\"container\" data-e-type=\"container\" data-settings=\"{&quot;background_background&quot;:&quot;classic&quot;}\">\n\t\t\t\t\t<div class=\"e-con-inner\">\n\t\t\t\t<div class=\"elementor-element elementor-element-635b4f5 elementor-widget elementor-widget-image\" data-id=\"635b4f5\" data-element_type=\"widget\" data-e-type=\"widget\" data-widget_type=\"image.default\">\n\t\t\t\t<div class=\"elementor-widget-container\">\n\t\t\t\t\t\t\t\t\t\t\t\t\t\t\t<img decoding=\"async\" width=\"1920\" height=\"1280\" src=\"https:\/\/okawa.ch\/wp-content\/uploads\/2024\/06\/Dojo_Putzen-scaled.jpg\" class=\"attachment-full size-full wp-image-51206\" alt=\"Wir streben danach, die positive Energie, die in unserem Dojo entsteht, in die Welt zu tragen und einen Beitrag zu einer respektvollen, bescheidenen und wertsch\u00e4tzenden Gesellschaft zu leisten.\" srcset=\"https:\/\/okawa.ch\/wp-content\/uploads\/2024\/06\/Dojo_Putzen-scaled.jpg 1920w, https:\/\/okawa.ch\/wp-content\/uploads\/2024\/06\/Dojo_Putzen-scaled-600x400.jpg 600w, https:\/\/okawa.ch\/wp-content\/uploads\/2024\/06\/Dojo_Putzen-300x200.jpg 300w, https:\/\/okawa.ch\/wp-content\/uploads\/2024\/06\/Dojo_Putzen-1024x683.jpg 1024w, https:\/\/okawa.ch\/wp-content\/uploads\/2024\/06\/Dojo_Putzen-768x512.jpg 768w, https:\/\/okawa.ch\/wp-content\/uploads\/2024\/06\/Dojo_Putzen-1536x1024.jpg 1536w, https:\/\/okawa.ch\/wp-content\/uploads\/2024\/06\/Dojo_Putzen-2048x1365.jpg 2048w, https:\/\/okawa.ch\/wp-content\/uploads\/2024\/06\/Dojo_Putzen-18x12.jpg 18w\" sizes=\"(max-width: 1920px) 100vw, 1920px\" \/>\t\t\t\t\t\t\t\t\t\t\t\t\t\t\t<\/div>\n\t\t\t\t<\/div>\n\t\t<div class=\"elementor-element elementor-element-585b4d2 e-con-full e-flex e-con e-child\" data-id=\"585b4d2\" data-element_type=\"container\" data-e-type=\"container\">\n\t\t\t\t<div class=\"elementor-element elementor-element-90d3c44 elementor-widget elementor-widget-text-editor\" data-id=\"90d3c44\" data-element_type=\"widget\" data-e-type=\"widget\" data-widget_type=\"text-editor.default\">\n\t\t\t\t<div class=\"elementor-widget-container\">\n\t\t\t\t\t\t\t\t\tJeder, der unser Dojo betritt, wird Teil der Okawa Wave, die gemeinsam w\u00e4chst, lernt und sich entwickelt. Wie eine m\u00e4chtige Welle, die kontinuierlich an St\u00e4rke gewinnt und ihre Energie weitertr\u00e4gt, f\u00f6rdern wir eine Community, die zusammenh\u00e4lt und sich gegenseitig unterst\u00fctzt.\u00a0<\/span>\n\n<span style=\"font-family: Montserrat, sans-serif; font-size: 18px; font-style: normal; font-variant-ligatures: normal; font-variant-caps: normal; font-weight: 400;\">Wir streben danach, die positive Energie, die in unserem Dojo entsteht, in die Welt zu tragen und einen Beitrag zu einer respektvollen, bescheidenen und wertsch\u00e4tzenden Gesellschaft zu leisten. Durch die Lehren des Kyokushinkai Karate und die Werte der japanischen Kultur bieten wir einen Ort, an dem Charakterbildung und die tiefe Verbindung von K\u00f6rper, Geist und Seele im Mittelpunkt stehen.<\/span>\t\t\t\t\t\t\t\t<\/div>\n\t\t\t\t<\/div>\n\t\t\t\t<\/div>\n\t\t\t\t\t<\/div>\n\t\t\t\t<\/div>\n\t\t<div class=\"elementor-element elementor-element-424432a e-con-full e-flex e-con e-parent\" data-id=\"424432a\" data-element_type=\"container\" data-e-type=\"container\" data-settings=\"{&quot;background_background&quot;:&quot;classic&quot;}\">\n\t\t\t\t<\/div>\n\t\t<div class=\"elementor-element elementor-element-4bbcbe75 e-con-full e-flex e-con e-parent\" data-id=\"4bbcbe75\" data-element_type=\"container\" data-e-type=\"container\" data-settings=\"{&quot;background_background&quot;:&quot;classic&quot;}\">\n\t\t<div class=\"elementor-element elementor-element-4fbb0c38 e-con-full e-flex e-con e-child\" data-id=\"4fbb0c38\" data-element_type=\"container\" data-e-type=\"container\">\n\t\t\t\t<div class=\"elementor-element elementor-element-57e185ab animated-slow elementor-invisible elementor-widget elementor-widget-heading\" data-id=\"57e185ab\" data-element_type=\"widget\" data-e-type=\"widget\" data-settings=\"{&quot;_animation&quot;:&quot;slideInUp&quot;}\" data-widget_type=\"heading.default\">\n\t\t\t\t<div class=\"elementor-widget-container\">\n\t\t\t\t\t<h2 class=\"elementor-heading-title elementor-size-default\">Dojo Kun \u9053\u5834\u8a13<\/h2>\t\t\t\t<\/div>\n\t\t\t\t<\/div>\n\t\t\t\t<div class=\"elementor-element elementor-element-6e6a1d4e elementor-widget elementor-widget-text-editor\" data-id=\"6e6a1d4e\" data-element_type=\"widget\" data-e-type=\"widget\" data-widget_type=\"text-editor.default\">\n\t\t\t\t<div class=\"elementor-widget-container\">\n\t\t\t\t\t\t\t\t\t<p>Der Dojo Kun besteht aus sieben Leits\u00e4tzen, die man sich als Karateka im Verlaufe des Trainings verinnerlicht. Jeder, der sich im Dojo befindet, soll danach handeln und sie auch ausserhalb des Dojos weiterleben. Die S\u00e4tze sind nicht wortw\u00f6rtlich zu verstehen, sondern die Bedeutung ist wegweisend.<\/p>\t\t\t\t\t\t\t\t<\/div>\n\t\t\t\t<\/div>\n\t\t\t\t<div class=\"elementor-element elementor-element-36a152b elementor-widget elementor-widget-text-editor\" data-id=\"36a152b\" data-element_type=\"widget\" data-e-type=\"widget\" data-widget_type=\"text-editor.default\">\n\t\t\t\t<div class=\"elementor-widget-container\">\n\t\t\t\t\t\t\t\t\t<p><i>Hitotsu, wareware wa, shinshin o renmashi, kakko fubatsu no shingi o kiwameru koto. <br \/><\/i>Wir wollen unseren K\u00f6rper und Verstand trainieren, um einen starken, unersch\u00fctterlichen Geist zu erwerben.<\/p><p><span style=\"color: var( --e-global-color-text ); letter-spacing: 0px; word-spacing: 0em; text-align: var(--text-align); background-color: var( --e-global-color-0ff75a6 );\"><i>Hitotsu, wareware wa, bu no shinzui o kiwame, ki ni hasshi, kan ni bin naru koto.<br \/><\/i><\/span><span style=\"color: var( --e-global-color-text ); letter-spacing: 0px; word-spacing: 0em; text-align: var(--text-align); background-color: var( --e-global-color-0ff75a6 );\">Wir wollen die wahre Bedeutung des Weges erfahren, sodass wir zur rechten Zeit wachsam sind.<\/span><\/p><p><i>Hitotsu, wareware wa, shitsujitsu goken o motte, jiko no seishin o kanyo suru koto.<br \/><\/i>Mit wahrer Ausdauer wollen wir einen Geist der Selbstlosigkeit entwickeln.<\/p><p><i>Hitotsu, wareware wa, reisetsu o omonji, chojo o keishi, sobo no furumai o tsutsushimu koto.<br \/><\/i>Wir wollen die Regeln der Hilfsbereitschaft beachten, unsere Oberen respektieren und uns von Gewalt fernhalten.<\/p><p><i>Hitotsu, wareware wa, shinbutsu o totobi, kenjo no bitoku o wasurezaru koto.<br \/><\/i>Wir wollen unseren Glauben bewahren und nie die wahre Tugend der Demut vergessen.<\/p><p><i>Hitotsu, wareware wa, chisei to tairyoku to o kojo sase, koto ni nozonde ayamatazaru koto.<br \/><\/i>Wir wollen nach Weisheit und St\u00e4rke streben und nicht nach anderem verlangen.<\/p><p><i>Hitotsu, wareware wa, shogai no shugyo o karate no michi ni tsuji, Kyokushin no michi o mattou suru koto.<br \/><\/i>Solange wir leben, wollen wir durch Karate die wahre Bedeutung des Weges erkennen.<\/p>\t\t\t\t\t\t\t\t<\/div>\n\t\t\t\t<\/div>\n\t\t\t\t<\/div>\n\t\t\t\t<\/div>\n\t\t<div class=\"elementor-element elementor-element-d9f2d43 e-con-full e-flex e-con e-parent\" data-id=\"d9f2d43\" data-element_type=\"container\" data-e-type=\"container\" data-settings=\"{&quot;background_background&quot;:&quot;classic&quot;}\">\n\t\t\t\t<\/div>\n\t\t\t\t<\/div>","protected":false},"excerpt":{"rendered":"<p>Dojo \u9053\u5834 Ein Dojo ist weit mehr als nur ein Trainingsraum \u2013 es ist ein Ort der Hingabe, des Lernens und des pers\u00f6nlichen Wachstums. Das Wort &#171;Dojo&#187; kommt aus dem &#8230; <a title=\"Dojo\" class=\"read-more\" href=\"https:\/\/okawa.ch\/en\/dojo\/\" aria-label=\"Read more about Dojo\">Read more<\/a><\/p>","protected":false},"author":1,"featured_media":0,"parent":0,"menu_order":0,"comment_status":"closed","ping_status":"closed","template":"elementor_header_footer","meta":{"_price":"","_stock":"","_tribe_ticket_header":"","_tribe_default_ticket_provider":"","_ticket_start_date":"","_ticket_end_date":"","_tribe_ticket_show_description":"","_tribe_ticket_show_not_going":false,"_tribe_ticket_use_global_stock":"","_tribe_ticket_global_stock_level":"","_global_stock_mode":"","_global_stock_cap":"","_tribe_rsvp_for_event":"","_tribe_ticket_going_count":"","_tribe_ticket_not_going_count":"","_tribe_tickets_list":"[]","_tribe_ticket_has_attendee_info_fields":false,"footnotes":"","_tec_slr_enabled":"","_tec_slr_layout":""},"class_list":["post-49220","page","type-page","status-publish"],"ticketed":false,"_links":{"self":[{"href":"https:\/\/okawa.ch\/en\/wp-json\/wp\/v2\/pages\/49220","targetHints":{"allow":["GET"]}}],"collection":[{"href":"https:\/\/okawa.ch\/en\/wp-json\/wp\/v2\/pages"}],"about":[{"href":"https:\/\/okawa.ch\/en\/wp-json\/wp\/v2\/types\/page"}],"author":[{"embeddable":true,"href":"https:\/\/okawa.ch\/en\/wp-json\/wp\/v2\/users\/1"}],"replies":[{"embeddable":true,"href":"https:\/\/okawa.ch\/en\/wp-json\/wp\/v2\/comments?post=49220"}],"version-history":[{"count":29,"href":"https:\/\/okawa.ch\/en\/wp-json\/wp\/v2\/pages\/49220\/revisions"}],"predecessor-version":[{"id":53332,"href":"https:\/\/okawa.ch\/en\/wp-json\/wp\/v2\/pages\/49220\/revisions\/53332"}],"wp:attachment":[{"href":"https:\/\/okawa.ch\/en\/wp-json\/wp\/v2\/media?parent=49220"}],"curies":[{"name":"wp","href":"https:\/\/api.w.org\/{rel}","templated":true}]}}